{"id":1046,"date":"2025-04-03T13:04:39","date_gmt":"2025-04-03T12:04:39","guid":{"rendered":"https:\/\/atlanticcoastcampers.com\/atlantic-coast-campers\/"},"modified":"2025-07-03T18:06:06","modified_gmt":"2025-07-03T17:06:06","slug":"atlantic-coast-campers","status":"publish","type":"page","link":"https:\/\/atlanticcoastcampers.com\/de\/","title":{"rendered":"Atlantic Coast Campers"},"content":{"rendered":"\n<div class=\"wp-block-columns is-layout-flex wp-container-core-columns-is-layout-9d6595d7 wp-block-columns-is-layout-flex\">\n<div class=\"wp-block-column is-layout-flow wp-block-column-is-layout-flow\">\n<h5 class=\"wp-block-heading text-[17px] uppercase font-bold mb-2 text-ac-orange tracking-[1.6px]\">Surf&#8217;s Up<\/h5>\n\n\n\n<h2 class=\"wp-block-heading text-4xl font-medium text-gray-800 mb-6\">Plane deine Surfreise mit uns<\/h2>\n\n\n\n<p>Wir setzen uns voll und ganz daf\u00fcr ein, dir ein einzigartiges Erlebnis zu erm\u00f6glichen! Egal, ob du alleine reist oder mit einer Gruppe von Freunden \u2013 du kannst dich jederzeit einem unserer Surfpakete anschlie\u00dfen.<br\/><br\/>Wir bieten private und Gruppen-Surfkurse f\u00fcr Anf\u00e4nger, Fortgeschrittene und erfahrene Surfer an. Erlebe einen spannenden Abenteuerurlaub. Ein Leben voller Surfen und Reisen.<\/p>\n\n\n\n<ul class=\"wp-block-list colored-title-list\">\n<li><a href=\"https:\/\/atlanticcoastcampers.com\/de\/package\/surf-chill-drive\/\">Surfen, chillen und fahren<\/a><br\/>Wir haben dieses Paket f\u00fcr diejenigen geschn\u00fcrt, die Portugal erkunden, entspannen und die Sonne und das Meer genie\u00dfen m\u00f6chten, w\u00e4hrend sie surfen lernen.<\/li>\n\n\n\n<li><a href=\"https:\/\/atlanticcoastcampers.com\/de\/package\/surf-camp-drive\/\">Surf, camp and drive<\/a><br\/>Du m\u00f6chtest nach Portugal kommen, um zu surfen. Du liebst die Atmosph\u00e4re eines Surfcamps und hast schon immer davon getr\u00e4umt, Portugal mit einem Campervan zu erkunden. Nimm einfach beides!<\/li>\n\n\n\n<li><a href=\"https:\/\/atlanticcoastcampers.com\/de\/package\/einzelne-surfstunden\/\">Surfunterricht nur<\/a><br\/>Surfunterricht in Portugal mit professionellem Surftrainer. Der \u00fcber 10 Jahre Erfahrung hat! Egal ob Anf\u00e4nger oder Fortgeschrittener, wir haben den richtigen Kurs f\u00fcr dich.<\/li>\n<\/ul>\n<\/div>\n\n\n\n<div class=\"wp-block-column is-layout-flow wp-block-column-is-layout-flow\">\n<figure class=\"wp-block-image size-large is-style-default\"><img alt=\"\" loading=\"lazy\" decoding=\"async\" width=\"819\" height=\"1024\" src=\"https:\/\/atlanticcoastcampers.com\/wp-content\/uploads\/2025\/04\/Portugal_0294-819x1024.jpg\" alt=\"\" class=\"wp-image-71\" srcset=\"https:\/\/atlanticcoastcampers.com\/wp-content\/uploads\/2025\/04\/Portugal_0294-819x1024.jpg 819w, https:\/\/atlanticcoastcampers.com\/wp-content\/uploads\/2025\/04\/Portugal_0294-240x300.jpg 240w, https:\/\/atlanticcoastcampers.com\/wp-content\/uploads\/2025\/04\/Portugal_0294-768x960.jpg 768w, https:\/\/atlanticcoastcampers.com\/wp-content\/uploads\/2025\/04\/Portugal_0294-1229x1536.jpg 1229w, https:\/\/atlanticcoastcampers.com\/wp-content\/uploads\/2025\/04\/Portugal_0294-1638x2048.jpg 1638w, https:\/\/atlanticcoastcampers.com\/wp-content\/uploads\/2025\/04\/Portugal_0294.jpg 2000w\" sizes=\"auto, (max-width: 819px) 100vw, 819px\" \/><\/figure>\n<\/div>\n<\/div>\n","protected":false},"excerpt":{"rendered":"<p>Surf&#8217;s Up Plane deine Surfreise mit uns Wir setzen uns voll und ganz daf\u00fcr ein, dir ein einzigartiges Erlebnis zu erm\u00f6glichen! Egal, ob du alleine reist oder mit einer Gruppe von Freunden \u2013 du kannst dich jederzeit einem unserer Surfpakete anschlie\u00dfen. Wir bieten private und Gruppen-Surfkurse f\u00fcr Anf\u00e4nger, Fortgeschrittene und erfahrene Surfer an. Erlebe einen [&hellip;]<\/p>\n","protected":false},"author":1,"featured_media":0,"parent":0,"menu_order":0,"comment_status":"closed","ping_status":"open","template":"","meta":{"_acf_changed":false,"_seopress_robots_primary_cat":"","_seopress_titles_title":"","_seopress_titles_desc":"","_seopress_robots_index":"","footnotes":""},"class_list":["post-1046","page","type-page","status-publish","hentry"],"acf":[],"featured_image_src":null,"_links":{"self":[{"href":"https:\/\/atlanticcoastcampers.com\/de\/wp-json\/wp\/v2\/pages\/1046","targetHints":{"allow":["GET"]}}],"collection":[{"href":"https:\/\/atlanticcoastcampers.com\/de\/wp-json\/wp\/v2\/pages"}],"about":[{"href":"https:\/\/atlanticcoastcampers.com\/de\/wp-json\/wp\/v2\/types\/page"}],"author":[{"embeddable":true,"href":"https:\/\/atlanticcoastcampers.com\/de\/wp-json\/wp\/v2\/users\/1"}],"replies":[{"embeddable":true,"href":"https:\/\/atlanticcoastcampers.com\/de\/wp-json\/wp\/v2\/comments?post=1046"}],"version-history":[{"count":0,"href":"https:\/\/atlanticcoastcampers.com\/de\/wp-json\/wp\/v2\/pages\/1046\/revisions"}],"wp:attachment":[{"href":"https:\/\/atlanticcoastcampers.com\/de\/wp-json\/wp\/v2\/media?parent=1046"}],"curies":[{"name":"wp","href":"https:\/\/api.w.org\/{rel}","templated":true}]}}