{"id":1202,"date":"2025-05-22T16:31:23","date_gmt":"2025-05-22T15:31:23","guid":{"rendered":"https:\/\/atlanticcoastcampers.com\/allgemeine-geschaeftsbedingungen\/"},"modified":"2025-06-09T13:25:51","modified_gmt":"2025-06-09T12:25:51","slug":"allgemeine-geschaeftsbedingungen","status":"publish","type":"page","link":"https:\/\/atlanticcoastcampers.com\/de\/allgemeine-geschaeftsbedingungen\/","title":{"rendered":"Allgemeine Gesch\u00e4ftsbedingungen"},"content":{"rendered":"\n<p>BUCHUNGEN UND ZAHLUNGSVEREINBARUNGEN<br\/>Die Anmeldung kann elektronisch per E-Mail oder schriftlich erfolgen. Sie wird vom Anmelder auch f\u00fcr alle in der Anmeldung aufgef\u00fchrten Teilnehmer vorgenommen, f\u00fcr deren vertragliche Verpflichtungen der Anmelder wie f\u00fcr seine eigenen Verpflichtungen einsteht. Nach Eingang der Anmeldung erh\u00e4lt der Teilnehmer eine Best\u00e4tigung per E-Mail vom Veranstalter mit Angabe der H\u00f6he der Anzahlung sowie der Kontodaten.<br\/>Die Anmeldung wird erst wirksam, wenn die Anzahlung beim Veranstalter eingegangen ist und dem Kunden per E-Mail von Atlantic Coast Campers (im Folgenden als Veranstalter bezeichnet) best\u00e4tigt wurde. Der Vertrag kommt zustande, sobald Atlantic Coast Campers den Zahlungseingang akzeptiert und best\u00e4tigt hat.<br\/>Anschlie\u00dfend erh\u00e4lt der Teilnehmer eine Anmeldebest\u00e4tigung, eine Wegbeschreibung sowie Hinweise zur Reisevorbereitung, zum Surfen und zur Urlaubsausr\u00fcstung. Alle \u00dcberweisungen m\u00fcssen den Namen des Teilnehmers enthalten.<br\/>Teilnahmeberechtigt an der Campervan-Reise ist jede Person ab 18 Jahren. Minderj\u00e4hrige k\u00f6nnen nur mit schriftlicher Zustimmung eines Erziehungsberechtigten teilnehmen. Mit dieser Erkl\u00e4rung best\u00e4tigt der Erziehungsberechtigte, dass sein Kind eigenverantwortlich genug ist, um an der Campervan-Reise und den Surfaktivit\u00e4ten teilzunehmen. Eine Aufsicht minderj\u00e4hriger Teilnehmer durch den Veranstalter erfolgt nicht, abgesehen von den gesetzlichen Verkehrssicherungspflichten.<br\/>Die Teilnahme an der Campervan-Reise und am Surfkurs sowie die Inanspruchnahme aller angebotenen Leistungen, die Anreise und der Aufenthalt erfolgen auf eigene Gefahr, Verantwortung und Kosten des Teilnehmers.<br\/>Der Veranstalter \u00fcbernimmt keine Haftung f\u00fcr Gefahren, die untrennbar mit dem Surfsport verbunden sind. Der Teilnehmer erkennt diese Risiken ausdr\u00fccklich an.        <\/p>\n\n<div style=\"height:40px\" aria-hidden=\"true\" class=\"wp-block-spacer\"><\/div>\n\n<p>ABHOL- UND R\u00dcCKGABE-BEDINGUNGEN<br\/>Die Mietgeb\u00fchren werden auf Basis von \u00dcbernachtungen berechnet.<br\/>Versp\u00e4tete Abholungen oder fr\u00fchere R\u00fcckgaben berechtigen den Nutzer nicht zu einer R\u00fcckerstattung f\u00fcr nicht genutzte Miettage.<\/p>\n\n<div style=\"height:40px\" aria-hidden=\"true\" class=\"wp-block-spacer\"><\/div>\n\n<p>OPTIONALE ZUSATZLEISTUNGEN<br\/>Zus\u00e4tzlich k\u00f6nnen weitere Ausr\u00fcstungsgegenst\u00e4nde wie Surfboards, Neoprenanz\u00fcge und Surfstunden gemietet werden.<\/p>\n\n<div style=\"height:40px\" aria-hidden=\"true\" class=\"wp-block-spacer\"><\/div>\n\n<p>DURCHFAHRT MIT DEM CAMPERVAN AUF AUTOBAHNEN UND MAUTGEB\u00dcHREN<br\/>Die Durchfahrt durch Via-Verde-Spuren auf Autobahnen oder Br\u00fccken liegt in der Verantwortung des Mieters. Bei Nutzung des elektronischen Mautsystems wird der offene Betrag bei der R\u00fcckgabe des Fahrzeugs abgerechnet, zuz\u00fcglich einer Bearbeitungsgeb\u00fchr von 1,95\u202f% des gesamten Mautbetrags sowie einer Pauschale von 15,00\u202f\u20ac. <\/p>\n\n<div style=\"height:40px\" aria-hidden=\"true\" class=\"wp-block-spacer\"><\/div>\n\n<p>STORNIERUNG \/ R\u00dcCKTRITT DURCH DEN TEILNEHMER<br\/>Ein R\u00fccktritt vom Kurs ist jederzeit m\u00f6glich. Dieser muss schriftlich erfolgen. Der R\u00fccktritt wird wirksam mit dem Eingang der R\u00fccktrittserkl\u00e4rung beim Veranstalter.  <br\/>Die Abrechnung gegen\u00fcber dem Kunden erfolgt wie folgt:<br\/>Eine Verwaltungsgeb\u00fchr von 80,00 \u20ac wird berechnet, wenn die Stornierung mit einer Vorank\u00fcndigung von mehr als 3 Monaten erfolgt oder eine Umbuchung auf eine andere Person vorgenommen wird.<br\/>Wenn ein Dritter den Vertrag eingeht, haften dieser und der urspr\u00fcngliche Teilnehmer gesamtschuldnerisch und in voller H\u00f6he f\u00fcr die Kursgeb\u00fchr.<br\/>Bis zu 1 Monat vor Anreisedatum: 30 % des Gesamtpreises des Pakets;<br\/>1 Woche vor Anreisedatum: 70 % des Gesamtpreises des Pakets;<br\/>In der letzten Woche vor Anreisedatum: 90 % des Gesamtpreises des Pakets.<br\/>Wenn der Teilnehmer vom Vertrag zur\u00fccktritt oder die Reise nicht antritt, kann Atlantic Coast Campers die Erstattung der entstandenen Kosten verlangen.<\/p>\n\n<div style=\"height:40px\" aria-hidden=\"true\" class=\"wp-block-spacer\"><\/div>\n\n<p>VERSICHERUNGEN<br\/>Eine Reiseversicherung ist nicht im Preis inbegriffen. Es ist ratsam, eine abzuschlie\u00dfen. Dar\u00fcber hinaus ist der Abschluss eines Versicherungspakets ratsam.  <\/p>\n\n<div style=\"height:40px\" aria-hidden=\"true\" class=\"wp-block-spacer\"><\/div>\n\n<p>SURFPAKETE<br\/>Teilnahmebedingungen und Haftung<br\/>Der Teilnehmer wird insbesondere auf Folgendes hingewiesen:<br\/>Surfen ist ein Risikosport.<br\/>Es besteht ein erh\u00f6htes Risiko von Personensch\u00e4den sowohl am Teilnehmer selbst als auch an Dritten.<br\/>Der Kunde muss den Anweisungen der Instruktoren unverz\u00fcglich und bedingungslos folgen.<br\/>Bei rechtswidrigem Verhalten haftet weder der Veranstalter noch der Schadenersatzpflichtige f\u00fcr Sachsch\u00e4den.<br\/>Voraussetzung f\u00fcr die Teilnahme sind gute Schwimmkenntnisse und eine gewisse k\u00f6rperliche Belastbarkeit. Der Teilnehmer erkl\u00e4rt ausdr\u00fccklich, dass aus medizinischer Sicht keine Bedenken gegen die Aus\u00fcbung des Surfens bestehen.<br\/>Jeder, der das 18. Lebensjahr vollendet hat, ist berechtigt, am Camp teilzunehmen.<br\/>Im Falle von Minderj\u00e4hrigen muss die Anmeldung schriftlich mit Zustimmung des Erziehungsberechtigten erfolgen. Hiermit erkl\u00e4rt der Erziehungsberechtigte, dass das Kind selbstverantwortlich genug ist, um am Camp teilzunehmen. Der Veranstalter Atlantic Coast Campers \u00fcbernimmt keine Aufsichtspflicht f\u00fcr Minderj\u00e4hrige, abgesehen von den gesetzlichen Verkehrssicherungspflichten.<br\/>Die Teilnahme an der Campervan-Reise und dem Surfkurs sowie die Nutzung aller angebotenen Leistungen, ferner die Reise und der Aufenthalt erfolgen auf eigenes Risiko, eigene Verantwortung und auf eigene Kosten des Teilnehmers.<br\/>Der Veranstalter \u00fcbernimmt keine Haftung f\u00fcr Gefahren, die unweigerlich mit dem Surfsport verbunden sind. Der Teilnehmer nimmt diese Risiken zur Kenntnis.<br\/>Zudem \u00fcbernimmt der Veranstalter keine Haftung f\u00fcr Sch\u00e4den, die dem Teilnehmer bei der Aus\u00fcbung des Sports durch Verschulden anderer Teilnehmer oder Dritter entstehen.<br\/>Der Teilnehmer versichert, mindestens 30 Minuten schwimmen zu k\u00f6nnen, k\u00f6rperlich und geistig in guter Verfassung zu sein und nicht an Erkrankungen zu leiden, die durch die Wellen und deren typische Gefahren und Belastungen verschlimmert werden k\u00f6nnen.<br\/>Der Veranstalter \u00fcbernimmt keine Haftung f\u00fcr Verlust und Besch\u00e4digung des Eigentums des Teilnehmers.<br\/>Der Teilnehmer hat das ihm \u00fcberlassene Surfequipment sorgf\u00e4ltig und ordnungsgem\u00e4\u00df zu behandeln. F\u00fcr grob fahrl\u00e4ssige Besch\u00e4digungen und Verluste haftet der Teilnehmer.<br\/>Der Teilnehmer ist verpflichtet, etwaige Leistungsst\u00f6rungen unverz\u00fcglich dem Veranstalter zu melden.<br\/>Falls andere Unternehmen mit der Durchf\u00fchrung einzelner Leistungen beauftragt werden, haftet das jeweilige Unternehmen f\u00fcr Anspr\u00fcche, die die jeweilige Einzelleistung betreffen.<br\/>Der Veranstalter, seine Gesellschafter und deren Mitarbeiter haften nur f\u00fcr Unf\u00e4lle und Verletzungen, sofern eine Versicherung f\u00fcr den Schaden aufkommt, ohne dass auf die oben genannten Ausschl\u00fcsse zur\u00fcckgegriffen wird. Eine weitergehende Haftung der genannten Personen ist f\u00fcr Sch\u00e4den des Teilnehmers ausgeschlossen und der Teilnehmer \u00fcbernimmt die Haftung f\u00fcr Sch\u00e4den Dritter. Der Haftungsausschluss gilt unabh\u00e4ngig von der Rechtsgrundlage, dem Zeitpunkt des Schadenseintritts, der Person des Gesch\u00e4digten, den Umst\u00e4nden der schadensverursachenden Handlung sowie der Art und Ursache des Schadens.        <\/p>\n\n<div style=\"height:40px\" aria-hidden=\"true\" class=\"wp-block-spacer\"><\/div>\n\n<p>Stornierung durch den Veranstalter<br\/>Der Veranstalter kann aus zwingenden Gr\u00fcnden jederzeit vom Vertrag zur\u00fccktreten und erstattet in diesem Fall den vollst\u00e4ndig gezahlten Reisepreis zur\u00fcck.<br\/>Der Veranstalter beh\u00e4lt sich das Recht vor, die Teilnahme einseitig zu stornieren. In diesem Fall hat die interessierte Partei keine weiteren Anspr\u00fcche jeglicher Art gegen\u00fcber dem Veranstalter, au\u00dfer der R\u00fcckerstattung der geleisteten Anzahlungen innerhalb von 5 Bankarbeitstagen nach der Stornierung durch den Veranstalter.<br\/>Den Weisungen des Veranstalters ist Folge zu leisten. Bei Verst\u00f6\u00dfen gegen das Gesetz, die den Ruf oder die Integrit\u00e4t der Teilnehmer oder des Veranstalters gef\u00e4hrden k\u00f6nnen, kann der Teilnehmer nach einer Verwarnung vom Kurs ausgeschlossen werden. In diesem Fall erfolgt keine R\u00fcckerstattung der Teilnahmegeb\u00fchr.<br\/>Ausschluss von Anspr\u00fcchen und Verj\u00e4hrung<br\/>Der Teilnehmer muss Anspr\u00fcche gegen\u00fcber dem Veranstalter wegen mangelhafter Reiseleistungen und daraus resultierenden Unm\u00f6glichkeiten innerhalb eines Monats nach Ende der Reise geltend machen. Anspr\u00fcche k\u00f6nnen nur durchgesetzt werden, wenn der Teilnehmer die oben genannte Frist nicht einhalten konnte.<br\/>\u00c4nderungen im Ablauf<br\/>\u00c4nderungen sind nicht ausgeschlossen. Der Ablauf kann insbesondere bei wetterbedingten Gefahren ge\u00e4ndert werden. Es besteht kein Anspruch auf R\u00fcckzahlung durch den Veranstalter. Eine kurzfristige zeitliche oder \u00f6rtliche Verlegung des Trainings kann daher notwendig sein.       <\/p>\n\n<div style=\"height:40px\" aria-hidden=\"true\" class=\"wp-block-spacer\"><\/div>\n\n<p>Geltendmachung von Anspr\u00fcchen<br\/>Der Teilnehmer kann Anspr\u00fcche gegen den Veranstalter nur vor dem zust\u00e4ndigen Gericht in Portugal geltend machen. Es gilt portugiesisches Recht. <\/p>\n\n<p><\/p>\n","protected":false},"excerpt":{"rendered":"<p>BUCHUNGEN UND ZAHLUNGSVEREINBARUNGENDie Anmeldung kann elektronisch per E-Mail oder schriftlich erfolgen. Sie wird vom Anmelder auch f\u00fcr alle in der Anmeldung aufgef\u00fchrten Teilnehmer vorgenommen, f\u00fcr deren vertragliche Verpflichtungen der Anmelder wie f\u00fcr seine eigenen Verpflichtungen einsteht. Nach Eingang der Anmeldung erh\u00e4lt der Teilnehmer eine Best\u00e4tigung per E-Mail vom Veranstalter mit Angabe der H\u00f6he der Anzahlung [&hellip;]<\/p>\n","protected":false},"author":2,"featured_media":764,"parent":0,"menu_order":0,"comment_status":"closed","ping_status":"closed","template":"","meta":{"_acf_changed":false,"_seopress_robots_primary_cat":"","_seopress_titles_title":"","_seopress_titles_desc":"","_seopress_robots_index":"","footnotes":""},"class_list":["post-1202","page","type-page","status-publish","has-post-thumbnail","hentry"],"acf":[],"featured_image_src":"https:\/\/atlanticcoastcampers.com\/wp-content\/uploads\/2025\/04\/AB5I8490-scaled.jpg","_links":{"self":[{"href":"https:\/\/atlanticcoastcampers.com\/de\/wp-json\/wp\/v2\/pages\/1202","targetHints":{"allow":["GET"]}}],"collection":[{"href":"https:\/\/atlanticcoastcampers.com\/de\/wp-json\/wp\/v2\/pages"}],"about":[{"href":"https:\/\/atlanticcoastcampers.com\/de\/wp-json\/wp\/v2\/types\/page"}],"author":[{"embeddable":true,"href":"https:\/\/atlanticcoastcampers.com\/de\/wp-json\/wp\/v2\/users\/2"}],"replies":[{"embeddable":true,"href":"https:\/\/atlanticcoastcampers.com\/de\/wp-json\/wp\/v2\/comments?post=1202"}],"version-history":[{"count":0,"href":"https:\/\/atlanticcoastcampers.com\/de\/wp-json\/wp\/v2\/pages\/1202\/revisions"}],"wp:featuredmedia":[{"embeddable":true,"href":"https:\/\/atlanticcoastcampers.com\/de\/wp-json\/wp\/v2\/media\/764"}],"wp:attachment":[{"href":"https:\/\/atlanticcoastcampers.com\/de\/wp-json\/wp\/v2\/media?parent=1202"}],"curies":[{"name":"wp","href":"https:\/\/api.w.org\/{rel}","templated":true}]}}