{"id":1353,"date":"2025-08-18T16:49:42","date_gmt":"2025-08-18T15:49:42","guid":{"rendered":"https:\/\/atlanticcoastcampers.com\/reisemobil-anleitungen\/"},"modified":"2025-08-19T09:21:16","modified_gmt":"2025-08-19T08:21:16","slug":"reisemobil-anleitungen","status":"publish","type":"page","link":"https:\/\/atlanticcoastcampers.com\/de\/reisemobil-anleitungen\/","title":{"rendered":"Reisemobil Anleitungen"},"content":{"rendered":"\n<p class=\"pb-2  leading-[25px]\">Willkommen bei Campervan How to.<\/p>\n\n<p class=\"pb-2 leading-[25px]\">Campen kann ein Abenteuer f\u00fcr sich sein. Aber bei Atlantic Coast Campers m\u00f6chten wir sicherstellen, dass Sie die beste Erfahrung machen, ohne sich Sorgen machen zu m\u00fcssen. Bei der \u00dcbergabe des Wohnmobils zeigen wir Ihnen immer den Wagen, aber es ist wichtig, dass Sie das Gef\u00fchl haben, alle Informationen zu haben, die Sie brauchen, egal wo Sie sich auf Ihrer Reise befinden.  <\/p>\n\n<p class=\"pb-2  leading-[25px]\">Hier finden Sie alles, was Sie \u00fcber den Umgang mit unseren Wohnmobilen wissen m\u00fcssen: wie man das Bett macht, wie man kocht, wie man das Wohnmobil f\u00e4hrt, wie alle Ger\u00e4te, Kn\u00f6pfe und Details aussehen und wie es funktioniert.<\/p>\n\n<p class=\" leading-[25px]\">Bl\u00e4ttern Sie einfach nach unten, suchen Sie Ihr Wohnmobil und klicken Sie auf die Links zu den Informationen, die Sie wissen m\u00f6chten.<\/p>\n\n<div style=\"height:30px\" aria-hidden=\"true\" class=\"wp-block-spacer\"><\/div>\n\n<h2 class=\"wp-block-heading has-2-xl-font-size\"><strong>Die Vans<\/strong><\/h2>\n\n<div style=\"height:30px\" aria-hidden=\"true\" class=\"wp-block-spacer\"><\/div>\n\n<div class=\"wp-block-columns is-layout-flex wp-container-core-columns-is-layout-9d6595d7 wp-block-columns-is-layout-flex\">\n<div class=\"wp-block-column is-layout-flow wp-block-column-is-layout-flow\">\n<p><a href=\"https:\/\/ccampers.clinicadosite.pt\/sardinha\/\"><strong>Sardinha<\/strong><\/a><\/p>\n\n\n\n<ul class=\"wp-block-list\">\n<li><a href=\"https:\/\/youtu.be\/hJ0OjLYed6I\" target=\"_blank\" rel=\"noreferrer noopener\">Die Funktionsweise des K\u00fchlschranks<\/a><\/li>\n\n\n\n<li><a href=\"https:\/\/youtu.be\/kZ1GNPza6CU\" target=\"_blank\" rel=\"noreferrer noopener\">Schaltfl\u00e4chen &amp; Funktionen<\/a><\/li>\n\n\n\n<li><a href=\"https:\/\/youtu.be\/py1JDcEYhNI\" target=\"_blank\" rel=\"noreferrer noopener\">Details zum Auto &amp; andere Zweifel  <\/a><\/li>\n\n\n\n<li><a href=\"https:\/\/youtu.be\/u8Izdnn490g\" target=\"_blank\" rel=\"noreferrer noopener\">Sicherheit im Auto<\/a><\/li>\n\n\n\n<li><a href=\"https:\/\/youtu.be\/QnAGb6PhTaI\" target=\"_blank\" rel=\"noreferrer noopener\">Essen &amp; Entspannen<\/a><\/li>\n\n\n\n<li><a href=\"https:\/\/youtu.be\/yAKQEhKSLLU\" target=\"_blank\" rel=\"noreferrer noopener\">Wie man das Bett macht<\/a><\/li>\n<\/ul>\n\n\n\n<div style=\"height:15px\" aria-hidden=\"true\" class=\"wp-block-spacer\"><\/div>\n\n\n\n<p><a href=\"https:\/\/ccampers.clinicadosite.pt\/pastel-de-nata\/\"><strong>Pastel de Nata<\/strong><\/a><\/p>\n\n\n\n<ul class=\"wp-block-list\">\n<li><a href=\"https:\/\/youtu.be\/uEhFhrXpNIg\" target=\"_blank\" rel=\"noreferrer noopener\">Oberes Bett oben<\/a><\/li>\n\n\n\n<li><a href=\"https:\/\/youtu.be\/fG7a1OnESog\" target=\"_blank\" rel=\"noreferrer noopener\">Oberes Bett unten<\/a><\/li>\n\n\n\n<li><a href=\"https:\/\/youtu.be\/vq1h2us6teM\" target=\"_blank\" rel=\"noreferrer noopener\">Dusche<\/a><\/li>\n\n\n\n<li><a href=\"https:\/\/youtu.be\/QngPLndTiR8\" target=\"_blank\" rel=\"noreferrer noopener\">Bauen Sie das Bett auf<\/a><\/li>\n\n\n\n<li><a href=\"https:\/\/youtu.be\/y2JDYgKqUj0\" target=\"_blank\" rel=\"noreferrer noopener\">K\u00fcche &amp; Kn\u00f6pfe<\/a><\/li>\n\n\n\n<li><a href=\"https:\/\/youtu.be\/dpmZfb3VrXs\" target=\"_blank\" rel=\"noreferrer noopener\">Decken Sie den Tisch<\/a><\/li>\n\n\n\n<li><a href=\"https:\/\/youtu.be\/xUCm2Sz9nLA\" target=\"_blank\" rel=\"noreferrer noopener\">Kochen &amp; Utensilien<\/a><\/li>\n\n\n\n<li><a href=\"https:\/\/youtu.be\/Eos2h8prZto\" target=\"_blank\" rel=\"noreferrer noopener\">Auto Sicherheit &amp; Funktionen<\/a><\/li>\n\n\n\n<li><a href=\"https:\/\/youtu.be\/2h23fkBdqC8\" target=\"_blank\" rel=\"noreferrer noopener\">Toilette<\/a><\/li>\n<\/ul>\n<\/div>\n\n\n\n<div class=\"wp-block-column is-layout-flow wp-block-column-is-layout-flow\">\n<p><a href=\"https:\/\/ccampers.clinicadosite.pt\/hikari\/\"><strong>Hikari<\/strong><\/a><\/p>\n\n\n\n<ul class=\"wp-block-list\">\n<li><a href=\"https:\/\/youtu.be\/ivRNtP7GVAc\" target=\"_blank\" rel=\"noreferrer noopener\">\u00d6ffnen und schlie\u00dfen Sie das Bett<\/a><\/li>\n\n\n\n<li><a href=\"https:\/\/youtu.be\/beEYo3IfyxI\" target=\"_blank\" rel=\"noreferrer noopener\">Decken &amp; Mehr<\/a><\/li>\n\n\n\n<li><a href=\"https:\/\/youtu.be\/EoziMLrt9no\" target=\"_blank\" rel=\"noreferrer noopener\">Richten Sie den Tisch ein<\/a><\/li>\n\n\n\n<li><a href=\"https:\/\/youtu.be\/FuHcCbCUzHY\" target=\"_blank\" rel=\"noreferrer noopener\">Sicherheit im Auto und Hacks<\/a><\/li>\n\n\n\n<li><a href=\"https:\/\/youtu.be\/PWiMDzFQz00\" target=\"_blank\" rel=\"noreferrer noopener\">K\u00fcche und Dusche<\/a><\/li>\n<\/ul>\n\n\n\n<div style=\"height:15px\" aria-hidden=\"true\" class=\"wp-block-spacer\"><\/div>\n\n\n\n<p><a href=\"https:\/\/ccampers.clinicadosite.pt\/surf-express\/\"><strong>Surf Express<\/strong><\/a><\/p>\n\n\n\n<ul class=\"wp-block-list\">\n<li><a href=\"https:\/\/youtu.be\/i_7oNm_Qeo4\" target=\"_blank\" rel=\"noreferrer noopener\">Bett &amp; Tisch<\/a><\/li>\n\n\n\n<li><a href=\"https:\/\/youtu.be\/jTMuykM-BSE\" target=\"_blank\" rel=\"noreferrer noopener\">K\u00fcche<\/a><\/li>\n\n\n\n<li><a href=\"https:\/\/youtu.be\/2S_B_Z79uTY\" target=\"_blank\" rel=\"noreferrer noopener\">Tisch, Lampen und Vorh\u00e4nge<\/a><\/li>\n\n\n\n<li><a href=\"https:\/\/youtu.be\/EMzjIF25mG4\" target=\"_blank\" rel=\"noreferrer noopener\">Auto-Utensilien<\/a><\/li>\n\n\n\n<li><a href=\"https:\/\/youtu.be\/74kY1LdEF2M\" target=\"_blank\" rel=\"noreferrer noopener\">Kn\u00f6pfe und Batterien<\/a><\/li>\n\n\n\n<li><a href=\"https:\/\/youtu.be\/74kY1LdEF2M\" target=\"_blank\" rel=\"noreferrer noopener\">Fahren, Lagerung und Sicherheit<\/a><\/li>\n\n\n\n<li><a href=\"https:\/\/youtu.be\/Fr2_ZzYH97M\" target=\"_blank\" rel=\"noreferrer noopener\">Wasser und \u00d6l<\/a><\/li>\n<\/ul>\n\n\n\n<div style=\"height:15px\" aria-hidden=\"true\" class=\"wp-block-spacer\"><\/div>\n\n\n\n<p><a href=\"https:\/\/youtu.be\/eOgPfMh98Tg\"><strong>Azulinha<\/strong><\/a><\/p>\n\n\n\n<ul class=\"wp-block-list\">\n<li><a href=\"https:\/\/youtu.be\/nGymw1psC1Q\" target=\"_blank\" rel=\"noreferrer noopener\">Sicherheitsgurte &amp; Oberbett<\/a><\/li>\n\n\n\n<li><a href=\"https:\/\/youtu.be\/9yz1f_YJ9Rw\" target=\"_blank\" rel=\"noreferrer noopener\">K\u00fcche<\/a><\/li>\n\n\n\n<li><a href=\"https:\/\/youtu.be\/qqC6ogFmPjs\" target=\"_blank\" rel=\"noreferrer noopener\">Wie das Bett funktioniert<\/a><\/li>\n\n\n\n<li><a href=\"https:\/\/youtu.be\/JWDCcC0zPg8\" target=\"_blank\" rel=\"noreferrer noopener\">Auto-Hacks und tragbare Toilette<\/a><\/li>\n\n\n\n<li><a href=\"https:\/\/youtu.be\/qJsfkZmw-fE\" target=\"_blank\" rel=\"noreferrer noopener\">Wasserspeicher und Entl\u00fcftung<\/a><\/li>\n\n\n\n<li><a href=\"https:\/\/youtu.be\/GlgAIw1ELas\" target=\"_blank\" rel=\"noreferrer noopener\">\u00d6l, Wasser und wie das Auto funktioniert<\/a><\/li>\n<\/ul>\n<\/div>\n<\/div>\n","protected":false},"excerpt":{"rendered":"<p>Willkommen bei Campervan How to. Campen kann ein Abenteuer f\u00fcr sich sein. Aber bei Atlantic Coast Campers m\u00f6chten wir sicherstellen, dass Sie die beste Erfahrung machen, ohne sich Sorgen machen zu m\u00fcssen. Bei der \u00dcbergabe des Wohnmobils zeigen wir Ihnen immer den Wagen, aber es ist wichtig, dass Sie das Gef\u00fchl haben, alle Informationen zu [&hellip;]<\/p>\n","protected":false},"author":2,"featured_media":1334,"parent":0,"menu_order":0,"comment_status":"closed","ping_status":"closed","template":"","meta":{"_acf_changed":false,"_seopress_robots_primary_cat":"","_seopress_titles_title":"","_seopress_titles_desc":"","_seopress_robots_index":"","footnotes":""},"class_list":["post-1353","page","type-page","status-publish","has-post-thumbnail","hentry"],"acf":[],"featured_image_src":"https:\/\/atlanticcoastcampers.com\/wp-content\/uploads\/2025\/08\/campervan-how-to.webp","_links":{"self":[{"href":"https:\/\/atlanticcoastcampers.com\/de\/wp-json\/wp\/v2\/pages\/1353","targetHints":{"allow":["GET"]}}],"collection":[{"href":"https:\/\/atlanticcoastcampers.com\/de\/wp-json\/wp\/v2\/pages"}],"about":[{"href":"https:\/\/atlanticcoastcampers.com\/de\/wp-json\/wp\/v2\/types\/page"}],"author":[{"embeddable":true,"href":"https:\/\/atlanticcoastcampers.com\/de\/wp-json\/wp\/v2\/users\/2"}],"replies":[{"embeddable":true,"href":"https:\/\/atlanticcoastcampers.com\/de\/wp-json\/wp\/v2\/comments?post=1353"}],"version-history":[{"count":0,"href":"https:\/\/atlanticcoastcampers.com\/de\/wp-json\/wp\/v2\/pages\/1353\/revisions"}],"wp:featuredmedia":[{"embeddable":true,"href":"https:\/\/atlanticcoastcampers.com\/de\/wp-json\/wp\/v2\/media\/1334"}],"wp:attachment":[{"href":"https:\/\/atlanticcoastcampers.com\/de\/wp-json\/wp\/v2\/media?parent=1353"}],"curies":[{"name":"wp","href":"https:\/\/api.w.org\/{rel}","templated":true}]}}